{"id":172,"date":"2023-08-27T15:43:08","date_gmt":"2023-08-27T20:43:08","guid":{"rendered":"https:\/\/editionsderniermot.com\/?post_type=product&#038;p=172"},"modified":"2023-08-27T15:43:08","modified_gmt":"2023-08-27T20:43:08","slug":"chairs-une-enquete-de-fred-roy-tome-1-version-electronique","status":"publish","type":"product","link":"https:\/\/editionsderniermot.com\/?product=chairs-une-enquete-de-fred-roy-tome-1-version-electronique","title":{"rendered":"CHAIRS &#8211; Une enqu\u00eate de Fred Roy &#8211; Tome 1 (version \u00e9lectronique)"},"content":{"rendered":"","protected":false},"excerpt":{"rendered":"<p>Intrigu\u00e9 et passionn\u00e9 par le roman noir depuis toujours, J\u00e9r\u00e9mie Rivard vous offre son premier roman du genre. L&rsquo;auteur vous emm\u00e8ne au plus profond d&rsquo;un homme en qu\u00eate de sens; d&rsquo;un second dont l&rsquo;\u00e2me est meurtrie et d&rsquo;une dernier qui ne peut d\u00e9crocher de son travail omnipr\u00e9sent dans toutes les facettes de sa vie. CHAIRS est un amalgame de suspense et d&rsquo;horreur qui vous gardera captiv\u00e9 jusqu&rsquo;\u00e0 la derni\u00e8re page.<\/p>\n<p>David Karsenti, auteur reconnu dans le milieu du roman d&rsquo;horreur, se fait enlever par un fanatique pendant le lancement de son tout dernier ouvrage : CHAIRS. Pendant plusieurs semaines, le d\u00e9s\u00e9quilibr\u00e9 torture sa victime en se basant sur les passages les plus sombres de ses derniers romans. Pendant ce temps, le sergent-d\u00e9tective Fred Roy tente de retrouver la trace de l&rsquo;auteur en remontant le pass\u00e9 trouble du Bourreau.<\/p>\n","protected":false},"featured_media":171,"comment_status":"closed","ping_status":"closed","template":"","meta":{"_et_pb_use_builder":"","_et_pb_old_content":"","_et_gb_content_width":""},"product_brand":[],"product_cat":[15],"product_tag":[],"class_list":{"0":"post-172","1":"product","2":"type-product","3":"status-publish","4":"has-post-thumbnail","6":"product_cat-non-classe","8":"first","9":"instock","10":"downloadable","11":"virtual","12":"purchasable","13":"product-type-simple"},"_links":{"self":[{"href":"https:\/\/editionsderniermot.com\/index.php?rest_route=\/wp\/v2\/product\/172","targetHints":{"allow":["GET"]}}],"collection":[{"href":"https:\/\/editionsderniermot.com\/index.php?rest_route=\/wp\/v2\/product"}],"about":[{"href":"https:\/\/editionsderniermot.com\/index.php?rest_route=\/wp\/v2\/types\/product"}],"replies":[{"embeddable":true,"href":"https:\/\/editionsderniermot.com\/index.php?rest_route=%2Fwp%2Fv2%2Fcomments&post=172"}],"wp:featuredmedia":[{"embeddable":true,"href":"https:\/\/editionsderniermot.com\/index.php?rest_route=\/wp\/v2\/media\/171"}],"wp:attachment":[{"href":"https:\/\/editionsderniermot.com\/index.php?rest_route=%2Fwp%2Fv2%2Fmedia&parent=172"}],"wp:term":[{"taxonomy":"product_brand","embeddable":true,"href":"https:\/\/editionsderniermot.com\/index.php?rest_route=%2Fwp%2Fv2%2Fproduct_brand&post=172"},{"taxonomy":"product_cat","embeddable":true,"href":"https:\/\/editionsderniermot.com\/index.php?rest_route=%2Fwp%2Fv2%2Fproduct_cat&post=172"},{"taxonomy":"product_tag","embeddable":true,"href":"https:\/\/editionsderniermot.com\/index.php?rest_route=%2Fwp%2Fv2%2Fproduct_tag&post=172"}],"curies":[{"name":"wp","href":"https:\/\/api.w.org\/{rel}","templated":true}]}}