{"id":159,"date":"2023-08-27T15:04:43","date_gmt":"2023-08-27T20:04:43","guid":{"rendered":"https:\/\/editionsderniermot.com\/?post_type=product&#038;p=159"},"modified":"2023-08-27T15:04:43","modified_gmt":"2023-08-27T20:04:43","slug":"la-malediction-de-riverfall","status":"publish","type":"product","link":"https:\/\/editionsderniermot.com\/?product=la-malediction-de-riverfall","title":{"rendered":"La mal\u00e9diction de Riverfall"},"content":{"rendered":"","protected":false},"excerpt":{"rendered":"<p>Rock Arpin vous propose le tome 2 de sa s\u00e9rie RIVERFALL. Fid\u00e8le \u00e0 son style, il vous transporte pour une deuxi\u00e8me aventure dans cet univers fantastique o\u00f9 l\u00e9gendes autochtones, possession et \u00e9v\u00e9nements inexplicables s&rsquo;entrechoquent. Revenez une seconde fois \u00e0 Riverfall et soyez pr\u00eat \u00e0 c\u00f4toyer l&rsquo;insolite et \u00e0 faire face \u00e0 la mal\u00e9diction.<\/p>\n<p>Dix ans se sont \u00e9coul\u00e9s depuis les \u00e9v\u00e9nements du premier tome. Une disparition d\u00e9clenche une s\u00e9rie de situations inexpliqu\u00e9es qui plongera la ville de Riverfall dans l&rsquo;anarchie. Nouvellement sheriff, James Miller devra puiser au plus profond de son \u00e2me pour affronter les d\u00e9fis physiques et personnels qui se presseront sur son chemin. Il devra s&rsquo;allier aux connaissances de ses meilleurs amis afin d&rsquo;\u00e9radiquer la mal\u00e9diction qui s&rsquo;abat sur sa ville et de d\u00e9couvrir l&rsquo;identit\u00e9 du responsable de ses myst\u00e9rieux enl\u00e8vements.<\/p>\n","protected":false},"featured_media":161,"comment_status":"closed","ping_status":"closed","template":"","meta":{"_et_pb_use_builder":"","_et_pb_old_content":"","_et_gb_content_width":""},"product_brand":[],"product_cat":[15],"product_tag":[],"class_list":{"0":"post-159","1":"product","2":"type-product","3":"status-publish","4":"has-post-thumbnail","6":"product_cat-non-classe","8":"first","9":"instock","10":"shipping-taxable","11":"purchasable","12":"product-type-simple"},"_links":{"self":[{"href":"https:\/\/editionsderniermot.com\/index.php?rest_route=\/wp\/v2\/product\/159","targetHints":{"allow":["GET"]}}],"collection":[{"href":"https:\/\/editionsderniermot.com\/index.php?rest_route=\/wp\/v2\/product"}],"about":[{"href":"https:\/\/editionsderniermot.com\/index.php?rest_route=\/wp\/v2\/types\/product"}],"replies":[{"embeddable":true,"href":"https:\/\/editionsderniermot.com\/index.php?rest_route=%2Fwp%2Fv2%2Fcomments&post=159"}],"wp:featuredmedia":[{"embeddable":true,"href":"https:\/\/editionsderniermot.com\/index.php?rest_route=\/wp\/v2\/media\/161"}],"wp:attachment":[{"href":"https:\/\/editionsderniermot.com\/index.php?rest_route=%2Fwp%2Fv2%2Fmedia&parent=159"}],"wp:term":[{"taxonomy":"product_brand","embeddable":true,"href":"https:\/\/editionsderniermot.com\/index.php?rest_route=%2Fwp%2Fv2%2Fproduct_brand&post=159"},{"taxonomy":"product_cat","embeddable":true,"href":"https:\/\/editionsderniermot.com\/index.php?rest_route=%2Fwp%2Fv2%2Fproduct_cat&post=159"},{"taxonomy":"product_tag","embeddable":true,"href":"https:\/\/editionsderniermot.com\/index.php?rest_route=%2Fwp%2Fv2%2Fproduct_tag&post=159"}],"curies":[{"name":"wp","href":"https:\/\/api.w.org\/{rel}","templated":true}]}}