{"id":156,"date":"2023-08-24T21:33:35","date_gmt":"2023-08-25T02:33:35","guid":{"rendered":"https:\/\/editionsderniermot.com\/?post_type=product&#038;p=156"},"modified":"2023-08-24T21:33:35","modified_gmt":"2023-08-25T02:33:35","slug":"le-mystere-de-riverfall","status":"publish","type":"product","link":"https:\/\/editionsderniermot.com\/?product=le-mystere-de-riverfall","title":{"rendered":"Le myst\u00e8re de Riverfall"},"content":{"rendered":"","protected":false},"excerpt":{"rendered":"<p>Rock Arpin vous offre son premier roman fantastique. Son imaginaire d\u00e9bordant et r\u00e9aliste vous plongera dans son univers et vous envoutera \u00e0 coup s\u00fbr. S&rsquo;\u00e9tant inspir\u00e9 de sa r\u00e9gion natale, le T\u00e9miscamingue, Rock vous propose un r\u00e9cit d\u00e9taill\u00e9 o\u00f9 le destin de plusieurs familles s&rsquo;entrecroise \u00e0 celui du village de Riverfall, un endroit myst\u00e9rieux o\u00f9 foisonnent les l\u00e9gendes et \u00e9v\u00e8nements les plus inattendus.<\/p>\n<p>Nous sommes en 1938 et la crise \u00e9conomique fait rage. Riverfall se situe aux confins de l&rsquo;Ouest de la province. En pleine zone de colonisation, quatre amis c\u00e9libataires entament l&rsquo;aventure d&rsquo;une vie et partent refaire leur vie, loin de la mis\u00e8re, loin de tout. Dans l&rsquo;id\u00e9e de b\u00e2tir une ville mod\u00e8le, Jefferson Miller, Richard Stone, Harchibald Wood et Abraham Logan fondent la ville de Riverfall, dans la r\u00e9gion du Raskala, o\u00f9 les Kotilas, une tribu locale, habitent l&rsquo;endroit depuis des mill\u00e9naires. \u00c0 travers les ann\u00e9es, dans les jours glorieux comme dans les plus sombres, les habitants de Riverfall d\u00e9couvriront que leur havre de paix cache un myst\u00e8re qui n&rsquo;attend que le bon moment pour surgir de l&rsquo;ombre.<\/p>\n","protected":false},"featured_media":158,"comment_status":"closed","ping_status":"closed","template":"","meta":{"_et_pb_use_builder":"","_et_pb_old_content":"","_et_gb_content_width":""},"product_brand":[],"product_cat":[15],"product_tag":[],"class_list":{"0":"post-156","1":"product","2":"type-product","3":"status-publish","4":"has-post-thumbnail","6":"product_cat-non-classe","8":"first","9":"instock","10":"shipping-taxable","11":"purchasable","12":"product-type-simple"},"_links":{"self":[{"href":"https:\/\/editionsderniermot.com\/index.php?rest_route=\/wp\/v2\/product\/156","targetHints":{"allow":["GET"]}}],"collection":[{"href":"https:\/\/editionsderniermot.com\/index.php?rest_route=\/wp\/v2\/product"}],"about":[{"href":"https:\/\/editionsderniermot.com\/index.php?rest_route=\/wp\/v2\/types\/product"}],"replies":[{"embeddable":true,"href":"https:\/\/editionsderniermot.com\/index.php?rest_route=%2Fwp%2Fv2%2Fcomments&post=156"}],"wp:featuredmedia":[{"embeddable":true,"href":"https:\/\/editionsderniermot.com\/index.php?rest_route=\/wp\/v2\/media\/158"}],"wp:attachment":[{"href":"https:\/\/editionsderniermot.com\/index.php?rest_route=%2Fwp%2Fv2%2Fmedia&parent=156"}],"wp:term":[{"taxonomy":"product_brand","embeddable":true,"href":"https:\/\/editionsderniermot.com\/index.php?rest_route=%2Fwp%2Fv2%2Fproduct_brand&post=156"},{"taxonomy":"product_cat","embeddable":true,"href":"https:\/\/editionsderniermot.com\/index.php?rest_route=%2Fwp%2Fv2%2Fproduct_cat&post=156"},{"taxonomy":"product_tag","embeddable":true,"href":"https:\/\/editionsderniermot.com\/index.php?rest_route=%2Fwp%2Fv2%2Fproduct_tag&post=156"}],"curies":[{"name":"wp","href":"https:\/\/api.w.org\/{rel}","templated":true}]}}