{"id":107,"date":"2023-05-07T20:47:34","date_gmt":"2023-05-08T01:47:34","guid":{"rendered":"https:\/\/editionsderniermot.com\/?post_type=product&#038;p=107"},"modified":"2023-05-07T21:59:06","modified_gmt":"2023-05-08T02:59:06","slug":"sur-la-terre-des-hommes-scripta-tome-1-version-electronique","status":"publish","type":"product","link":"https:\/\/editionsderniermot.com\/?product=sur-la-terre-des-hommes-scripta-tome-1-version-electronique","title":{"rendered":"Sur la Terre des Hommes | Scripta : Tome 1 (version \u00e9lectronique)"},"content":{"rendered":"","protected":false},"excerpt":{"rendered":"<p>Les Scriptas sont les textes, les r\u00e9flexions, les critiques, les analyses \u00e9crits par J\u00e9r\u00e9mie Rivard et Jonathan le Prof. Les deux co-animateurs du podcast Sur la Terre des Hommes vous livrent \u00e0 l\u2019int\u00e9rieur d\u2019un seul et unique ouvrage, une large partie de leurs \u00e9crits qu\u2019ils ont choisi de mettre en commun. Analyses historiques, g\u00e9opolitiques, th\u00e9ories de conspiration farfelues, tout y passe!<\/p>\n<p>Pr\u00e9face de St\u00e9phane Roussel<\/p>\n<p>Depuis 2018, J\u00e9r\u00e9mie Rivard produit le podcast\u00a0: Sur la Terre des Hommes. Enseignant en univers social au niveau secondaire, il se passionne pour l\u2019histoire depuis aussi loin qu\u2019il se souvienne. L\u2019aventure de SLTDH lui a permis de transmettre cette passion. En 2019, il rencontre Jonathan St-Pierre, aussi enseignant, qui se joint \u00e0 lui de fa\u00e7on occasionnelle et ensuite en permanence. Ils vulgarisent l\u2019histoire, la g\u00e9opolitique et l\u2019actualit\u00e9, c\u00f4te \u00e0 c\u00f4te, depuis maintenant quatre ans.<\/p>\n<p>En mars 2018, Jonathan St-Pierre cr\u00e9a le projet de Jonathan le Prof pour garder contact avec ses anciens \u00e9tudiants de l\u2019\u00e9cole d\u2019Iberville de Rouyn-Noranda. De plus, ceux-ci pouvaient continuer \u00e0 apprendre et s\u2019informer. Le mot circule et la page est un succ\u00e8s instantan\u00e9. Des connaissances, des parents, des coll\u00e8gues et monsieur et madame tout-le-monde s\u2019abonnent \u00e0 son contenu, atteignant plus de 50\u00a0000 abonn\u00e9s sur les diff\u00e9rents r\u00e9seaux sociaux.<\/p>\n","protected":false},"featured_media":108,"comment_status":"closed","ping_status":"closed","template":"","meta":{"_et_pb_use_builder":"","_et_pb_old_content":"","_et_gb_content_width":""},"product_brand":[],"product_cat":[15],"product_tag":[],"class_list":{"0":"post-107","1":"product","2":"type-product","3":"status-publish","4":"has-post-thumbnail","6":"product_cat-non-classe","8":"first","9":"instock","10":"downloadable","11":"virtual","12":"purchasable","13":"product-type-simple"},"_links":{"self":[{"href":"https:\/\/editionsderniermot.com\/index.php?rest_route=\/wp\/v2\/product\/107","targetHints":{"allow":["GET"]}}],"collection":[{"href":"https:\/\/editionsderniermot.com\/index.php?rest_route=\/wp\/v2\/product"}],"about":[{"href":"https:\/\/editionsderniermot.com\/index.php?rest_route=\/wp\/v2\/types\/product"}],"replies":[{"embeddable":true,"href":"https:\/\/editionsderniermot.com\/index.php?rest_route=%2Fwp%2Fv2%2Fcomments&post=107"}],"wp:featuredmedia":[{"embeddable":true,"href":"https:\/\/editionsderniermot.com\/index.php?rest_route=\/wp\/v2\/media\/108"}],"wp:attachment":[{"href":"https:\/\/editionsderniermot.com\/index.php?rest_route=%2Fwp%2Fv2%2Fmedia&parent=107"}],"wp:term":[{"taxonomy":"product_brand","embeddable":true,"href":"https:\/\/editionsderniermot.com\/index.php?rest_route=%2Fwp%2Fv2%2Fproduct_brand&post=107"},{"taxonomy":"product_cat","embeddable":true,"href":"https:\/\/editionsderniermot.com\/index.php?rest_route=%2Fwp%2Fv2%2Fproduct_cat&post=107"},{"taxonomy":"product_tag","embeddable":true,"href":"https:\/\/editionsderniermot.com\/index.php?rest_route=%2Fwp%2Fv2%2Fproduct_tag&post=107"}],"curies":[{"name":"wp","href":"https:\/\/api.w.org\/{rel}","templated":true}]}}